{"id":49,"date":"2026-02-09T11:45:17","date_gmt":"2026-02-09T11:45:17","guid":{"rendered":"https:\/\/xn--sommerfugletret-9lb.dk\/?page_id=49"},"modified":"2026-03-08T19:31:14","modified_gmt":"2026-03-08T19:31:14","slug":"forside","status":"publish","type":"page","link":"https:\/\/xn--sommerfugletret-9lb.dk\/","title":{"rendered":"Forside"},"content":{"rendered":"\n<p class=\"has-crimson-pro-font-family\"><\/p>\n\n\n\n<p class=\"has-crimson-pro-font-family\" style=\"font-size:clamp(16.834px, 1.052rem + ((1vw - 3.2px) * 0.899), 26px);\"><strong>MENNESKELIG KONTAKT &#8211; DET, SOM INTET KAN ERSTATTE<\/strong><\/p>\n\n\n\n<p class=\"has-crimson-pro-font-family\" style=\"font-size:clamp(16.834px, 1.052rem + ((1vw - 3.2px) * 0.899), 26px);\">Sommerfugletr\u00e6et er et lille, hyggeligt sted lige syd for Kalundborg, som tilbyder individuelle, kropsorienterede terapisessioner og behandlingsforl\u00f8b.&nbsp;<\/p>\n\n\n\n<p class=\"has-crimson-pro-font-family\" style=\"font-size:clamp(16.834px, 1.052rem + ((1vw - 3.2px) * 0.899), 26px);\">Desuden afholdes workshops med forskelligt fokus og format indenfor ber\u00f8ring, kommunikation og forbindelse mellem virkelige mennesker.&nbsp;<\/p>\n\n\n\n<p class=\"has-crimson-pro-font-family\" style=\"font-size:clamp(16.834px, 1.052rem + ((1vw - 3.2px) * 0.899), 26px);\">Sommerfugletr\u00e6et er flyttet ud fra K\u00f8benhavn til Vestsj\u00e6lland for bedre at kunne h\u00f8re b\u00f8lgeslaget p\u00e5 stranden, og jeg h\u00e5ber den sandede jord herude vil tage godt imod det, s\u00e5 det kan sl\u00e5 rod og vokse.<\/p>\n\n\n\n<p class=\"has-crimson-pro-font-family\" style=\"font-size:clamp(16.834px, 1.052rem + ((1vw - 3.2px) * 0.899), 26px);\">.&nbsp;&nbsp;<\/p>\n\n\n\n<p class=\"has-crimson-pro-font-family\" style=\"font-size:clamp(16.834px, 1.052rem + ((1vw - 3.2px) * 0.899), 26px);\">Alle behandlinger og al undervisning er ved Karen Marie Edelfeldt.&nbsp;<\/p>\n\n\n\n<p class=\"has-crimson-pro-font-family\" style=\"font-size:clamp(16.834px, 1.052rem + ((1vw - 3.2px) * 0.899), 26px);\">Sp\u00f8rgsm\u00e5l, tilmelding og booking: SMS 2238 1518<\/p>\n","protected":false},"excerpt":{"rendered":"<p>MENNESKELIG KONTAKT &#8211; DET, SOM INTET KAN ERSTATTE Sommerfugletr\u00e6et er et lille, hyggeligt sted lige syd for Kalundborg, som tilbyder individuelle, kropsorienterede terapisessioner og behandlingsforl\u00f8b.&nbsp; Desuden afholdes workshops med forskelligt fokus og format indenfor ber\u00f8ring, kommunikation og forbindelse mellem virkelige mennesker.&nbsp; Sommerfugletr\u00e6et er flyttet ud fra K\u00f8benhavn til Vestsj\u00e6lland for bedre at kunne h\u00f8re b\u00f8lgeslaget [&hellip;]<\/p>\n","protected":false},"author":1,"featured_media":0,"parent":0,"menu_order":0,"comment_status":"closed","ping_status":"closed","template":"","meta":{"footnotes":""},"class_list":["post-49","page","type-page","status-publish","hentry"],"_links":{"self":[{"href":"https:\/\/xn--sommerfugletret-9lb.dk\/index.php\/wp-json\/wp\/v2\/pages\/49","targetHints":{"allow":["GET"]}}],"collection":[{"href":"https:\/\/xn--sommerfugletret-9lb.dk\/index.php\/wp-json\/wp\/v2\/pages"}],"about":[{"href":"https:\/\/xn--sommerfugletret-9lb.dk\/index.php\/wp-json\/wp\/v2\/types\/page"}],"author":[{"embeddable":true,"href":"https:\/\/xn--sommerfugletret-9lb.dk\/index.php\/wp-json\/wp\/v2\/users\/1"}],"replies":[{"embeddable":true,"href":"https:\/\/xn--sommerfugletret-9lb.dk\/index.php\/wp-json\/wp\/v2\/comments?post=49"}],"version-history":[{"count":5,"href":"https:\/\/xn--sommerfugletret-9lb.dk\/index.php\/wp-json\/wp\/v2\/pages\/49\/revisions"}],"predecessor-version":[{"id":125,"href":"https:\/\/xn--sommerfugletret-9lb.dk\/index.php\/wp-json\/wp\/v2\/pages\/49\/revisions\/125"}],"wp:attachment":[{"href":"https:\/\/xn--sommerfugletret-9lb.dk\/index.php\/wp-json\/wp\/v2\/media?parent=49"}],"curies":[{"name":"wp","href":"https:\/\/api.w.org\/{rel}","templated":true}]}}