{"id":45,"date":"2026-02-28T13:21:15","date_gmt":"2026-02-28T13:21:15","guid":{"rendered":"https:\/\/xn--sommerfugletret-9lb.dk\/?page_id=45"},"modified":"2026-03-01T17:32:51","modified_gmt":"2026-03-01T17:32:51","slug":"praktisk-og-priser","status":"publish","type":"page","link":"https:\/\/xn--sommerfugletret-9lb.dk\/index.php\/praktisk-og-priser\/","title":{"rendered":"Praktisk og priser"},"content":{"rendered":"\n<h2 class=\"wp-block-heading has-crimson-pro-font-family\"><strong>Praktisk og priser<\/strong><\/h2>\n\n\n\n<p class=\"has-crimson-pro-font-family\">Behandlinger, priser:<\/p>\n\n\n\n<p class=\"has-crimson-pro-font-family\">Fysiologisk massage, 1 time, kr. 400,-<\/p>\n\n\n\n<p class=\"has-crimson-pro-font-family\">Afklarende telefonsamtale om kropsterapi, ca 15 min: Gratis..<\/p>\n\n\n\n<p class=\"has-crimson-pro-font-family\">Kropsterapi enkeltsession 2 timer kr. 1400,-<\/p>\n\n\n\n<p class=\"has-crimson-pro-font-family\">Kropsterapi forl\u00f8b p\u00e5 3 sessioner a\/ 2 timer 3950,-<\/p>\n\n\n\n<p class=\"has-crimson-pro-font-family\">Kropsterapi enkeltsession 3 timer kr. 1800,-<\/p>\n\n\n\n<p class=\"has-crimson-pro-font-family\">Kropsterapi forl\u00f8b p\u00e5 3 sessioner a\/ 3 timer kr. 4950,-<\/p>\n\n\n\n<p class=\"has-crimson-pro-font-family\">Forl\u00f8b anbefales.&nbsp;<\/p>\n\n\n\n<p class=\"has-crimson-pro-font-family\">Weekendkurser kr. 2500,- pr person inkl. materialer samt kaffe\/te.<\/p>\n\n\n\n<p class=\"has-crimson-pro-font-family\">Weekendkurser.&nbsp;<\/p>\n\n\n\n<p class=\"has-crimson-pro-font-family\">Tid:<\/p>\n\n\n\n<p class=\"has-crimson-pro-font-family\">Fredag kl. 19 &#8211; 22<\/p>\n\n\n\n<p class=\"has-crimson-pro-font-family\">L\u00f8rdag kl. 10 &#8211; 18<\/p>\n\n\n\n<p class=\"has-crimson-pro-font-family\">S\u00f8ndag kl. 10 &#8211; 16<\/p>\n\n\n\n<p class=\"has-crimson-pro-font-family\">D\u00f8ren \u00e5bnes 30 min. f\u00f8r undervisningstid.<\/p>\n\n\n\n<p class=\"has-crimson-pro-font-family\">Sted:<\/p>\n\n\n\n<p class=\"has-crimson-pro-font-family\">Mit private arbejdssted i Ubby. N\u00e6rmere info f\u00f8lger i din tilmeldingsbekr\u00e6ftelse.&nbsp;<\/p>\n\n\n\n<p class=\"has-crimson-pro-font-family\">Medbring notesbog og frokost. Der er en god lang frokostpause, s\u00e5 du kan ogs\u00e5 n\u00e5 i Brugsen, hvis det er.<\/p>\n\n\n\n<p class=\"has-crimson-pro-font-family\">Det anbefales at du kl\u00e6der dig p\u00e5 s\u00e5dan, at du kan bev\u00e6ge dig frit og f\u00f8ler dig godt tilpas. Det kan ske at der kommer lidt olie p\u00e5 dit t\u00f8j, s\u00e5 v\u00e6lg noget hvor det ikke g\u00f8r s\u00e5 meget. Ideelt er sort tr\u00e6ningst\u00f8j.<\/p>\n\n\n\n<p class=\"has-crimson-pro-font-family\">Hvis der er noget der driller ifht transport eller overnatning, s\u00e5 skriv til mig, m\u00e5ske kan vi finde en l\u00f8sning.&nbsp;<\/p>\n\n\n\n<p class=\"has-crimson-pro-font-family\">Sp\u00f8rgsm\u00e5l, tilmelding og booking: SMS 2238 1518<\/p>\n","protected":false},"excerpt":{"rendered":"<p>Praktisk og priser Behandlinger, priser: Fysiologisk massage, 1 time, kr. 400,- Afklarende telefonsamtale om kropsterapi, ca 15 min: Gratis.. Kropsterapi enkeltsession 2 timer kr. 1400,- Kropsterapi forl\u00f8b p\u00e5 3 sessioner a\/ 2 timer 3950,- Kropsterapi enkeltsession 3 timer kr. 1800,- Kropsterapi forl\u00f8b p\u00e5 3 sessioner a\/ 3 timer kr. 4950,- Forl\u00f8b anbefales.&nbsp; Weekendkurser kr. 2500,- [&hellip;]<\/p>\n","protected":false},"author":1,"featured_media":0,"parent":0,"menu_order":0,"comment_status":"closed","ping_status":"closed","template":"","meta":{"footnotes":""},"class_list":["post-45","page","type-page","status-publish","hentry"],"_links":{"self":[{"href":"https:\/\/xn--sommerfugletret-9lb.dk\/index.php\/wp-json\/wp\/v2\/pages\/45","targetHints":{"allow":["GET"]}}],"collection":[{"href":"https:\/\/xn--sommerfugletret-9lb.dk\/index.php\/wp-json\/wp\/v2\/pages"}],"about":[{"href":"https:\/\/xn--sommerfugletret-9lb.dk\/index.php\/wp-json\/wp\/v2\/types\/page"}],"author":[{"embeddable":true,"href":"https:\/\/xn--sommerfugletret-9lb.dk\/index.php\/wp-json\/wp\/v2\/users\/1"}],"replies":[{"embeddable":true,"href":"https:\/\/xn--sommerfugletret-9lb.dk\/index.php\/wp-json\/wp\/v2\/comments?post=45"}],"version-history":[{"count":4,"href":"https:\/\/xn--sommerfugletret-9lb.dk\/index.php\/wp-json\/wp\/v2\/pages\/45\/revisions"}],"predecessor-version":[{"id":114,"href":"https:\/\/xn--sommerfugletret-9lb.dk\/index.php\/wp-json\/wp\/v2\/pages\/45\/revisions\/114"}],"wp:attachment":[{"href":"https:\/\/xn--sommerfugletret-9lb.dk\/index.php\/wp-json\/wp\/v2\/media?parent=45"}],"curies":[{"name":"wp","href":"https:\/\/api.w.org\/{rel}","templated":true}]}}