{"id":43,"date":"2026-02-28T13:10:15","date_gmt":"2026-02-28T13:10:15","guid":{"rendered":"https:\/\/xn--sommerfugletret-9lb.dk\/?page_id=43"},"modified":"2026-03-01T17:31:12","modified_gmt":"2026-03-01T17:31:12","slug":"om-behandlingerne","status":"publish","type":"page","link":"https:\/\/xn--sommerfugletret-9lb.dk\/index.php\/om-behandlingerne\/","title":{"rendered":"Om behandlingerne"},"content":{"rendered":"\n<h2 class=\"wp-block-heading has-crimson-pro-font-family\"><strong>Om Behandlingerne<\/strong><\/h2>\n\n\n\n<p class=\"has-crimson-pro-font-family\">Lad mig starte med at jeg, udover alt det andet som jeg vil skrive om herunder, stadig og altid tilbyder en times fysiologisk massage, hvis du er \u00f8m her og nu i f.eks skuldrene, eller har brug for umiddelbar afstressning og wellness.&nbsp;<\/p>\n\n\n\n<p class=\"has-crimson-pro-font-family\">Det kan sagtens st\u00e5 i sig selv, og jeg har masser af glade kunder til det. Fleksible tider.<\/p>\n\n\n\n<p class=\"has-crimson-pro-font-family\">Det kan ogs\u00e5 sommetider v\u00e6re en overskuelig begyndelse p\u00e5 et eventuelt efterf\u00f8lgende kropsterapeutisk forl\u00f8b.&nbsp;<\/p>\n\n\n\n<p class=\"has-crimson-pro-font-family\">Jeg tilbyder ogs\u00e5 dybtg\u00e5ende, kropsorienterede, terapeutiske processer.<\/p>\n\n\n\n<p class=\"has-crimson-pro-font-family\">Jeg henvender mig til alle, og alle k\u00f8n er velkomne, men man kan ikke komme udenom, at mit hjerte br\u00e6nder p\u00e5 en s\u00e6rlig m\u00e5de for kvinder med seksuelle, relationelle eller reproduktive traumer bag sig, og hvor taleterapi med fokus p\u00e5 det mentale og kognitive m\u00e5ske ikke altid har haft den \u00f8nskede effekt.<\/p>\n\n\n\n<p class=\"has-crimson-pro-font-family\">I en verden hvor f\u00f8lelsesm\u00e6ssige eller fysiske gr\u00e6nseoverskridelser ofte anses som \u201cnormale\u201d, tilbyder jeg en dybdeg\u00e5ende tilgang til traumearbejde, som integrerer tankerne og f\u00f8lelserne med kroppen, fordi jeg anerkender, at oplevelserne ikke kun s\u00e6tter sig som f\u00f8lelsesm\u00e6ssige eller mentale blokeringer, men ogs\u00e5 kommer til udtryk som blokeringer i kroppen, som kun kan bearbejdes kropsligt.&nbsp;<\/p>\n\n\n\n<p class=\"has-crimson-pro-font-family\">Der vil ofte v\u00e6re v\u00e6gt p\u00e5 gr\u00e6nsebevidsthed og kunsten at s\u00e6tte gr\u00e6nser, men derudover er det konkrete indhold af behandlingerne helt afh\u00e6ngigt af din unikke situation, da jeg har et meget bredt spektrum af v\u00e6rkt\u00f8jer at arbejde med. Jeg har solid teoretisk baggrund i en r\u00e6kke discipliner, herunder somatik, dybdepsykologi, sexologi og obstetrik, og det er derfor muligt at skr\u00e6ddersy forl\u00f8bet fuldst\u00e6ndig.<\/p>\n\n\n\n<p class=\"has-crimson-pro-font-family\">Neurovidenskaben viser os hvordan traumer kan p\u00e5virke nervesystemet p\u00e5 en m\u00e5de, der g\u00f8r det sv\u00e6rt for os at bearbejde eller integrere vores oplevelser &#8211; \u201ckomme videre\u201d. M\u00e5lrettet bev\u00e6gelse. \u00e5ndedr\u00e6t, sensorisk n\u00e6rv\u00e6r, som tillader os at navigere i vores egen krop, og bevidst ber\u00f8ring kan g\u00f8re det muligt at frig\u00f8re de lagrede overbelastninger, lytte til de dele af os der tilsyneladende er bukket under for dem (selvom vi \u201cfungerer\u201d), finde ny forst\u00e5else af det oplevede, og f\u00e5 kraften tilbage i vores egen fort\u00e6lling. Visualisering og kreative udtryk som skrivning eller maleri kan for nogle v\u00e6re relevant ogs\u00e5.&nbsp;<\/p>\n\n\n\n<p class=\"has-crimson-pro-font-family\">Uanset hvilken rejse vi planl\u00e6gger sammen, er der mulighed for at genopdage den livskraft, der er p\u00e5 den anden side af traumerne, og genopbygge tilliden til, og gl\u00e6den i, vores kroppe. M\u00e5ske kan kroppen endda blive vores kilde til at tr\u00e6ffe mere helhedsorienterede beslutninger fremover? Den har b\u00e5ret s\u00e5 meget smerte, vi helst vil glemme &#8211; men bagved smerten er der s\u00e5 meget styrke og fryd bare ved at v\u00e6re menneske. Det er ikke \u201ckun\u201d en behandling, det er at v\u00e6lge at g\u00e5 i retning af sand selvk\u00e6rlighed &#8211; gennem evidensbaseret praksis og anerkendelse af de mange faktorer, der kan p\u00e5virke vores seksuelle og relationelle sundhed.&nbsp;I forbindelse med naturlige overgange som f\u00f8dsel og menopause kan det ogs\u00e5 v\u00e6re en banebrydende assistance til at orientere sig i sin krops forvandlede gr\u00e6nser og behov.&nbsp;<\/p>\n\n\n\n<p class=\"has-crimson-pro-font-family\">Sp\u00f8rgsm\u00e5l, tilmelding og booking: SMS 2238 1518&nbsp;<\/p>\n","protected":false},"excerpt":{"rendered":"<p>Om Behandlingerne Lad mig starte med at jeg, udover alt det andet som jeg vil skrive om herunder, stadig og altid tilbyder en times fysiologisk massage, hvis du er \u00f8m her og nu i f.eks skuldrene, eller har brug for umiddelbar afstressning og wellness.&nbsp; Det kan sagtens st\u00e5 i sig selv, og jeg har masser [&hellip;]<\/p>\n","protected":false},"author":1,"featured_media":0,"parent":0,"menu_order":0,"comment_status":"closed","ping_status":"closed","template":"","meta":{"footnotes":""},"class_list":["post-43","page","type-page","status-publish","hentry"],"_links":{"self":[{"href":"https:\/\/xn--sommerfugletret-9lb.dk\/index.php\/wp-json\/wp\/v2\/pages\/43","targetHints":{"allow":["GET"]}}],"collection":[{"href":"https:\/\/xn--sommerfugletret-9lb.dk\/index.php\/wp-json\/wp\/v2\/pages"}],"about":[{"href":"https:\/\/xn--sommerfugletret-9lb.dk\/index.php\/wp-json\/wp\/v2\/types\/page"}],"author":[{"embeddable":true,"href":"https:\/\/xn--sommerfugletret-9lb.dk\/index.php\/wp-json\/wp\/v2\/users\/1"}],"replies":[{"embeddable":true,"href":"https:\/\/xn--sommerfugletret-9lb.dk\/index.php\/wp-json\/wp\/v2\/comments?post=43"}],"version-history":[{"count":7,"href":"https:\/\/xn--sommerfugletret-9lb.dk\/index.php\/wp-json\/wp\/v2\/pages\/43\/revisions"}],"predecessor-version":[{"id":112,"href":"https:\/\/xn--sommerfugletret-9lb.dk\/index.php\/wp-json\/wp\/v2\/pages\/43\/revisions\/112"}],"wp:attachment":[{"href":"https:\/\/xn--sommerfugletret-9lb.dk\/index.php\/wp-json\/wp\/v2\/media?parent=43"}],"curies":[{"name":"wp","href":"https:\/\/api.w.org\/{rel}","templated":true}]}}