{"id":41,"date":"2026-02-15T14:32:15","date_gmt":"2026-02-15T14:32:15","guid":{"rendered":"https:\/\/xn--sommerfugletret-9lb.dk\/?page_id=41"},"modified":"2026-03-01T17:29:57","modified_gmt":"2026-03-01T17:29:57","slug":"hvorfor-sommerfugletraeet","status":"publish","type":"page","link":"https:\/\/xn--sommerfugletret-9lb.dk\/index.php\/hvorfor-sommerfugletraeet\/","title":{"rendered":"Hvorfor Sommerfugletr\u00e6et"},"content":{"rendered":"\n<h2 class=\"wp-block-heading has-crimson-pro-font-family\"><strong>Hvorfor Sommerfugletr\u00e6et<\/strong><\/h2>\n\n\n\n<p class=\"has-crimson-pro-font-family\">Sommerfugletr\u00e6et symboliserer foreningen af den st\u00e6rke stamme forankret i Jorden, og den st\u00f8tte og tryghed den tilbyder, og sommerfuglene som universelt symbol p\u00e5 sk\u00f8nhed og frihed. Tr\u00e6et fort\u00e6ller, at alt hvad jeg g\u00f8r er med udgangspunkt i k\u00e6rlighed til og respekt for den jordiske krops f\u00f8lelser og det levede liv. Og at jeg ved, at uden tryghed &#8211; i en eller anden form &#8211; kan intet vokse. Og at du kan l\u00e6ne dig op af mig.&nbsp;<\/p>\n\n\n\n<p class=\"has-crimson-pro-font-family\">I Sommerfugletr\u00e6ets grene fejres v\u00e6ksten af det indre potentiale og umuligheden af at forblive den samme &#8211; heldigvis. Sommerfuglen symboliserer naturligvis mest af alt forvandling. Metamorforsen begynder i det stille rum, hvor den s\u00e5rbare begyndelse &#8211;&nbsp;&nbsp;sommerfugle\u00e6gget p\u00e5 et blad &#8211; har brug for beskyttelse og tryghed, ligesom vi ogs\u00e5 har brug for et st\u00f8ttende milj\u00f8 for at kunne udvikle os. Den med, at vi skal klare os selv, elske os selv &#8211; har en sandhed i sig, men bliver alt for ofte misforst\u00e5et. Mennesker har brug for tryg forbindelse med andre mennesker&nbsp;&nbsp;for at udvikle sig, og det er aldrig for sent at erfare denne tryghed og s\u00e6tte udfoldelsen i gang.&nbsp;<\/p>\n\n\n\n<p class=\"has-crimson-pro-font-family\">N\u00e5r larven i sin mindste form kl\u00e6kkes ud af \u00e6gget, begynder den intensivt at spise og vokse. Den eksisterer i kraft af det, den indtager &#8211; s\u00e5 det er godt, at sommerfuglemoderen &#8211; den del af dig, som har besluttet at lade processen begynde &#8211; har lagt sine \u00e6g p\u00e5 et blad af den slags, som netop hendes larver bedst kan lide. Meget af det, som den skal bruge for at v\u00e6re sommerfugl, anl\u00e6gges allerede nu. Puppens undere kender alle til, men der sker ogs\u00e5 store forvandlinger i larvestadiet, usynligt under larvens hud. N\u00e5r den er vokset ud af sin gamle hud, smider den huden af sig, indtil det er tid til, at den nye hud ikke bliver til en ny larve, men i stedet til en puppe.&nbsp;<\/p>\n\n\n\n<p class=\"has-crimson-pro-font-family\">I puppen sker en storsl\u00e5et forvandling, hvor larven stort set bliver en flydende masse og alle cellerne reorganiserer sig &#8211; uset af verden. Imens har den brug for t\u00e5lmodighed og tillid &#8211; de fleste sommerfugle tilbringer kun et par uger i puppen, men nogle bliver i puppen i op til ti \u00e5r&nbsp;&nbsp;&#8211; for s\u00e5 at genopst\u00e5 i sin endelige form &#8211; den, der hele tiden var indkodet, allerede i det n\u00e6rmest usynlige fr\u00f8 af potentiale, med farvestr\u00e5lende m\u00f8nstre og med evnen til at flyve h\u00f8jt. F\u00f8rst er vingerne bl\u00f8de, men den vind og sol, som m\u00e5ske ligner modstand, men som den er skabt til at v\u00e6re i et med, fuldst\u00e6ndigg\u00f8r processen. Et kropsterapeutisk forl\u00f8b kan ofte sammenlignes med dette.&nbsp;<\/p>\n\n\n\n<p class=\"has-crimson-pro-font-family\">Denne metafor fort\u00e6ller ogs\u00e5 om, hvordan selv de mest udfordrende perioder er med at f\u00f8re os frem til vores mest str\u00e5lende modenhed. Jeg er taknemlig for at v\u00e6re i stand til at kunne facilitere denne proces for andre mennesker. Jeg er dybt ydmyg over den tillid, mine klienter viser mig, og anerkender at det er deres egne smukke vinger, som hele tiden har ligget latent, selv da det f\u00f8ltes som om alt var g\u00e5et i opl\u00f8sning&nbsp;&#8211; der skaber magien.&nbsp;<\/p>\n\n\n\n<p class=\"has-crimson-pro-font-family\">Sp\u00f8rgsm\u00e5l, tilmelding og booking: SMS 2238 1518&nbsp;<\/p>\n","protected":false},"excerpt":{"rendered":"<p>Hvorfor Sommerfugletr\u00e6et Sommerfugletr\u00e6et symboliserer foreningen af den st\u00e6rke stamme forankret i Jorden, og den st\u00f8tte og tryghed den tilbyder, og sommerfuglene som universelt symbol p\u00e5 sk\u00f8nhed og frihed. Tr\u00e6et fort\u00e6ller, at alt hvad jeg g\u00f8r er med udgangspunkt i k\u00e6rlighed til og respekt for den jordiske krops f\u00f8lelser og det levede liv. Og at jeg [&hellip;]<\/p>\n","protected":false},"author":1,"featured_media":0,"parent":0,"menu_order":0,"comment_status":"closed","ping_status":"closed","template":"","meta":{"footnotes":""},"class_list":["post-41","page","type-page","status-publish","hentry"],"_links":{"self":[{"href":"https:\/\/xn--sommerfugletret-9lb.dk\/index.php\/wp-json\/wp\/v2\/pages\/41","targetHints":{"allow":["GET"]}}],"collection":[{"href":"https:\/\/xn--sommerfugletret-9lb.dk\/index.php\/wp-json\/wp\/v2\/pages"}],"about":[{"href":"https:\/\/xn--sommerfugletret-9lb.dk\/index.php\/wp-json\/wp\/v2\/types\/page"}],"author":[{"embeddable":true,"href":"https:\/\/xn--sommerfugletret-9lb.dk\/index.php\/wp-json\/wp\/v2\/users\/1"}],"replies":[{"embeddable":true,"href":"https:\/\/xn--sommerfugletret-9lb.dk\/index.php\/wp-json\/wp\/v2\/comments?post=41"}],"version-history":[{"count":8,"href":"https:\/\/xn--sommerfugletret-9lb.dk\/index.php\/wp-json\/wp\/v2\/pages\/41\/revisions"}],"predecessor-version":[{"id":110,"href":"https:\/\/xn--sommerfugletret-9lb.dk\/index.php\/wp-json\/wp\/v2\/pages\/41\/revisions\/110"}],"wp:attachment":[{"href":"https:\/\/xn--sommerfugletret-9lb.dk\/index.php\/wp-json\/wp\/v2\/media?parent=41"}],"curies":[{"name":"wp","href":"https:\/\/api.w.org\/{rel}","templated":true}]}}