{"id":39,"date":"2026-02-28T13:20:51","date_gmt":"2026-02-28T13:20:51","guid":{"rendered":"https:\/\/xn--sommerfugletret-9lb.dk\/?page_id=39"},"modified":"2026-03-23T20:46:26","modified_gmt":"2026-03-23T20:46:26","slug":"om-mig","status":"publish","type":"page","link":"https:\/\/xn--sommerfugletret-9lb.dk\/index.php\/om-mig\/","title":{"rendered":"Om mig"},"content":{"rendered":"\n<h2 class=\"wp-block-heading has-crimson-pro-font-family\"><strong>Om mig<\/strong><\/h2>\n\n\n\n<p class=\"has-crimson-pro-font-family\">Jeg er f\u00f8dt i november 1971. Jeg gik med det samme frygtl\u00f8st i gang med at opdage nye veje. B\u00e5de det skrevne ord og billedkunst faldt mig uendelig let, men jeg gik kun kunstnerens vej&nbsp;&nbsp;for en tid, for min krop blev for bev\u00e6gelig, og min sj\u00e6l for bevidst om behovet for forbindelse, til kunstnervejen i traditionel forstand. I dag bruger jeg i stedet prim\u00e6rt mine ekstra sanser og det held, at mine hjernehalvdele kommunikerer og at lyset er t\u00e6ndt over det hele, til at kunne g\u00e5 helt&nbsp;&nbsp;ind i mine klienters referenceramme, ogs\u00e5 n\u00e5r det betyder ind i m\u00f8rket, og m\u00f8de dig i det samme felt, som der hvor skaberkraften kommer fra. Jeg inkluderer ogs\u00e5 ofte kunstterapi i mine skr\u00e6ddersyede terapeutiske processer, fordi jeg har det store privilegium at kunne forene det kreative og det kropslige.<\/p>\n\n\n\n<figure class=\"wp-block-image aligncenter size-large is-resized\"><img loading=\"lazy\" decoding=\"async\" width=\"780\" height=\"1024\" src=\"https:\/\/xn--sommerfugletret-9lb.dk\/wp-content\/uploads\/2026\/03\/karenmarie-780x1024.jpg\" alt=\"\" class=\"wp-image-128\" style=\"aspect-ratio:0.7617219936154116;width:422px;height:auto\" srcset=\"https:\/\/xn--sommerfugletret-9lb.dk\/wp-content\/uploads\/2026\/03\/karenmarie-780x1024.jpg 780w, https:\/\/xn--sommerfugletret-9lb.dk\/wp-content\/uploads\/2026\/03\/karenmarie-229x300.jpg 229w, https:\/\/xn--sommerfugletret-9lb.dk\/wp-content\/uploads\/2026\/03\/karenmarie-768x1008.jpg 768w, https:\/\/xn--sommerfugletret-9lb.dk\/wp-content\/uploads\/2026\/03\/karenmarie.jpg 1097w\" sizes=\"auto, (max-width: 780px) 100vw, 780px\" \/><\/figure>\n\n\n\n<p class=\"has-crimson-pro-font-family\">Da jeg havde opdaget at kunstnervejen blev mig for smal, blev jeg f\u00f8rst l\u00e6geeksamineret mass\u00f8r i 1998 (!!) og fortsatte med at uddanne mig til doula, hypnoterapeut, tantrika med mere, fordi jeg brugte alle \u00e5rene p\u00e5 indsamle erfaringer om, hvordan mennesker kan helbrede sig selv og hinanden, forene kroppen og sj\u00e6len, fra tall\u00f8se traditioner. Det er ikke let at s\u00e6tte et label p\u00e5 min teraputiske metode. Sommerfugletr\u00e6-metoden. Eller Edelfeldt-metoden m\u00e5ske. Overordnet set er der noget der tyder p\u00e5, at jeg h\u00f8rer mere til i fremtiden end i fortiden. Og fremtiden ser lys ud &#8211; jeg lover det. Vi skal \u201cbare\u201d blive ved med at t\u00e6nke nye tanker og opdage HELT nye veje. Og intet kommer nogensinde til at kunne erstatte menneskelig kontakt.<\/p>\n\n\n\n<p class=\"has-crimson-pro-font-family\">Sp\u00f8rgsm\u00e5l, tilmelding og booking: SMS 22 381518&nbsp;<\/p>\n","protected":false},"excerpt":{"rendered":"<p>Om mig Jeg er f\u00f8dt i november 1971. Jeg gik med det samme frygtl\u00f8st i gang med at opdage nye veje. B\u00e5de det skrevne ord og billedkunst faldt mig uendelig let, men jeg gik kun kunstnerens vej&nbsp;&nbsp;for en tid, for min krop blev for bev\u00e6gelig, og min sj\u00e6l for bevidst om behovet for forbindelse, til [&hellip;]<\/p>\n","protected":false},"author":1,"featured_media":0,"parent":0,"menu_order":0,"comment_status":"closed","ping_status":"closed","template":"","meta":{"footnotes":""},"class_list":["post-39","page","type-page","status-publish","hentry"],"_links":{"self":[{"href":"https:\/\/xn--sommerfugletret-9lb.dk\/index.php\/wp-json\/wp\/v2\/pages\/39","targetHints":{"allow":["GET"]}}],"collection":[{"href":"https:\/\/xn--sommerfugletret-9lb.dk\/index.php\/wp-json\/wp\/v2\/pages"}],"about":[{"href":"https:\/\/xn--sommerfugletret-9lb.dk\/index.php\/wp-json\/wp\/v2\/types\/page"}],"author":[{"embeddable":true,"href":"https:\/\/xn--sommerfugletret-9lb.dk\/index.php\/wp-json\/wp\/v2\/users\/1"}],"replies":[{"embeddable":true,"href":"https:\/\/xn--sommerfugletret-9lb.dk\/index.php\/wp-json\/wp\/v2\/comments?post=39"}],"version-history":[{"count":10,"href":"https:\/\/xn--sommerfugletret-9lb.dk\/index.php\/wp-json\/wp\/v2\/pages\/39\/revisions"}],"predecessor-version":[{"id":129,"href":"https:\/\/xn--sommerfugletret-9lb.dk\/index.php\/wp-json\/wp\/v2\/pages\/39\/revisions\/129"}],"wp:attachment":[{"href":"https:\/\/xn--sommerfugletret-9lb.dk\/index.php\/wp-json\/wp\/v2\/media?parent=39"}],"curies":[{"name":"wp","href":"https:\/\/api.w.org\/{rel}","templated":true}]}}